{"id":3297,"date":"2021-04-27T10:51:43","date_gmt":"2021-04-27T10:51:43","guid":{"rendered":"https:\/\/riteflex.sqsite.co.uk\/politica-sulla-riservatezza\/"},"modified":"2021-04-27T10:51:44","modified_gmt":"2021-04-27T10:51:44","slug":"politica-sulla-riservatezza","status":"publish","type":"page","link":"https:\/\/www.riteflexhealth.com\/it\/politica-sulla-riservatezza\/","title":{"rendered":"politica sulla riservatezza"},"content":{"rendered":"<p>[vc_row][vc_column][vc_column_text css_animation=&#8221;bottom-to-top&#8221;]<\/p>\n<h2>Informativa sulla privacy del sito web<\/h2>\n<p><strong>La politica:<\/strong> Questa politica sulla privacy \u00e8 per questo sito web: www. ###. Co.uk ed \u00e8 servita da ### Limited e regola la privacy dei suoi utenti che scelgono di utilizzarla. Spiega come rispettiamo il GDPR (Regolamento generale sulla protezione dei dati) DPA (Legge sulla protezione dei dati) e il PECR (Regolamento sulla privacy e sulle comunicazioni elettroniche).<\/p>\n<p>Questa politica spiegher\u00e0 le aree di questo sito Web che possono influenzare la tua privacy e i tuoi dati personali, come elaboriamo, raccogliamo, gestiamo e archiviamo tali dettagli e come vengono rispettati i tuoi diritti ai sensi del GDPR, DPA e PECR.<\/p>\n<p>Inoltre spiegher\u00e0 l&#8217;uso di cookie o software, pubblicit\u00e0 o sponsorizzazioni commerciali da terze parti e il download di qualsiasi documento, file o software messo a disposizione dell&#8217;utente (se presente) su questo sito web. Ulteriori spiegazioni possono essere fornite per pagine o funzionalit\u00e0 specifiche di questo sito Web al fine di aiutarti a capire come noi, questo sito Web e le sue terze parti (se presenti) interagiamo con te e il tuo computer \/ dispositivo per servirtelo. Le nostre informazioni di contatto vengono fornite in caso di domande.<\/p>\n<h2>Il DPA maggio 2018 e il GDPR<\/h2>\n<p>Noi e questo sito web siamo conformi al DPA (Data Protection Act 1998) e gi\u00e0 al GDPR (Regolamento generale sulla protezione dei dati) che entrer\u00e0 in vigore da maggio 2018. Aggiorneremo di conseguenza questa politica dopo il completamento dell&#8217;uscita del Regno Unito dall&#8217;Unione europea.<\/p>\n<h2>Diritti individuali<\/h2>\n<p>In conformit\u00e0 con il GDPR, hai il diritto di essere informato, richiedere l&#8217;accesso, la rettifica e la cancellazione di tutti i tuoi dati personali che memorizziamo &#8211; questo pu\u00f2 essere fatto verbalmente o per iscritto o via e-mail. Maggiori dettagli possono essere trovati sul sito<a href=\"https:\/\/ico.org.uk\/for-organisations\/guide-to-the-general-data-protection-regulation-gdpr\/individual-rights\/right-to-be-informed\/\">web dell&#8217;ICO<\/a>.<\/p>\n<h2>Utilizzo dei cookie<\/h2>\n<p><strong>Cosa sono i cookies?<\/strong> I cookie sono piccoli file salvati sul disco rigido del computer dell&#8217;utente che tracciano, salvano e memorizzano informazioni sulle interazioni dell&#8217;utente e sull&#8217;utilizzo del sito web. Ci\u00f2 consente al sito Web, tramite il proprio server, di fornire agli utenti un&#8217;esperienza personalizzata all&#8217;interno di questo sito Web.<br \/>\nSi avvisano gli utenti che se desiderano negare l&#8217;uso e il salvataggio dei cookie da questo sito Web sul disco rigido del proprio computer, devono adottare le misure necessarie all&#8217;interno delle impostazioni di sicurezza del browser Web per bloccare tutti i cookie da questo sito Web e dai suoi fornitori di servizi esterni o utilizzare il sistema di controllo dei cookie se disponibile alla prima visita.<\/p>\n<h2>Monitoraggio dei visitatori del sito web<\/h2>\n<p>Questo sito web utilizza un software di tracciamento per monitorare i suoi visitatori per capire meglio come lo usano. Il software salver\u00e0 un cookie sul disco rigido del tuo computer al fine di tracciare e monitorare il tuo impegno e l&#8217;utilizzo del sito web, ma non memorizzer\u00e0, salver\u00e0 o raccoglier\u00e0 informazioni personali.<\/p>\n<h2>Download e file multimediali<\/h2>\n<p>Qualsiasi documento, file o supporto scaricabile reso disponibile su questo sito Web viene fornito agli utenti a proprio rischio. Sebbene siano state prese tutte le precauzioni per garantire che siano disponibili solo download originali, si consiglia agli utenti di verificarne l&#8217;autenticit\u00e0 utilizzando software antivirus di terze parti o applicazioni simili.<\/p>\n<p>Non ci assumiamo alcuna responsabilit\u00e0 per download e download di terze parti forniti da siti Web di terzi esterni e consigliamo agli utenti di verificare la loro autenticit\u00e0 utilizzando software antivirus di terze parti o applicazioni simili.<\/p>\n<h2>Contatto e comunicazione con noi<\/h2>\n<p>Gli utenti che ci contattano tramite questo sito Web lo fanno a propria discrezione e forniscono tali dettagli personali richiesti a proprio rischio. Le tue informazioni personali sono mantenute private e archiviate in modo sicuro fino a quando non sono pi\u00f9 necessarie o non vengono utilizzate.<\/p>\n<p>Laddove ti abbiamo chiaramente dichiarato e ti abbiamo reso consapevole del fatto e dove hai dato il tuo esplicito permesso, potremmo utilizzare i tuoi dati per inviarti informazioni su prodotti \/ servizi attraverso un sistema di mailing list. Questo viene fatto in conformit\u00e0 con i regolamenti indicati in &#8220;La politica&#8221; sopra.<\/p>\n<h2>Mailing list e messaggi di marketing<\/h2>\n<p>Gestiamo un programma di mailing list di posta elettronica, utilizzato per informare gli abbonati su prodotti, servizi e \/ o notizie che forniamo \/ pubblichiamo. Gli utenti possono iscriversi tramite un processo automatizzato online in cui hanno dato il loro permesso esplicito. I dati personali dell&#8217;abbonato vengono raccolti, elaborati, gestiti e archiviati in conformit\u00e0 con i regolamenti indicati nella &#8220;Politica&#8221; sopra. Gli abbonati possono annullare l&#8217;iscrizione in qualsiasi momento tramite un servizio online automatizzato o, se non disponibile, altri mezzi come specificato nel pi\u00e8 di pagina dei messaggi di marketing inviati (o <a href=\"http:\/\/jamieking.co.uk\/blog\/email-marketing\/unsubscribe-from-all-global-mailchimp-lists.html\">annullare l&#8217;iscrizione a tutti gli elenchi di Mailchimp<\/a>). Il tipo e il contenuto dei messaggi di marketing che gli abbonati ricevono e, se possono contenere contenuti di terze parti, sono chiaramente delineati al momento dell&#8217;abbonamento.<\/p>\n<p>I messaggi di email marketing possono contenere beacon di tracciamento \/ link cliccabili tracciati o tecnologie server simili al fine di tracciare l&#8217;attivit\u00e0 degli iscritti all&#8217;interno dei messaggi di email marketing. Laddove utilizzati, tali messaggi di marketing possono registrare una serie di dati sugli abbonati relativi a dati sull&#8217;impegno, geografici, demografici e sugli abbonati gi\u00e0 memorizzati.<\/p>\n<p>Il nostro fornitore EMS (servizio di email marketing) \u00e8; MailChimp e puoi leggere la loro politica sulla privacy <a href=\"https:\/\/mailchimp.com\/legal\/privacy\/\">qui<\/a>.<\/p>\n<h2>Collegamenti a siti Web esterni e terze parti<\/h2>\n<p>Sebbene cerchiamo di includere solo collegamenti esterni di qualit\u00e0, sicuri e pertinenti, si consiglia agli utenti di adottare una politica di cautela prima di fare clic su qualsiasi collegamento Web esterno menzionato in questo sito Web. (I collegamenti esterni sono collegamenti di testo \/ banner \/ immagini cliccabili ad altri siti web.)<\/p>\n<p>S URL abbreviati; L&#8217;accorciamento degli URL \u00e8 una tecnica utilizzata sul Web per abbreviare gli URL (Uniform Resource Locators) in qualcosa di sostanzialmente pi\u00f9 breve. Questa tecnica \u00e8 particolarmente utilizzata nei social media e sembra simile a questa (esempio: http:\/\/bit.ly\/IDFuAk). Gli utenti devono prestare attenzione prima di fare clic su collegamenti URL abbreviati e verificare la loro autenticit\u00e0 prima di procedere.<\/p>\n<p>Non possiamo garantire o verificare il contenuto di qualsiasi sito web collegato esternamente nonostante i nostri migliori sforzi. Gli utenti devono quindi tenere presente che fanno clic su collegamenti esterni a proprio rischio e non possiamo essere ritenuti responsabili per eventuali danni o implicazioni causati dalla visita di collegamenti esterni menzionati.<\/p>\n<h2>Politica e utilizzo dei social media<\/h2>\n<p>Adottiamo una politica sui social media per garantire che la nostra attivit\u00e0 e il nostro personale si comportino di conseguenza online. Sebbene possiamo avere profili ufficiali su piattaforme di social media, si consiglia agli utenti di verificare l&#8217;autenticit\u00e0 di tali profili prima di interagire o condividere informazioni con tali profili. Non chiederemo mai password utente o dettagli personali sulle piattaforme di social media. Si consiglia agli utenti di comportarsi in modo appropriato quando interagiscono con noi sui social media.<\/p>\n<p>Potrebbero esserci casi in cui il nostro sito web presenta pulsanti di condivisione sociale, che aiutano a condividere i contenuti web direttamente dalle pagine web alle rispettive piattaforme di social media. Utilizzi i pulsanti di condivisione social a tua discrezione e accetti che cos\u00ec facendo potresti pubblicare contenuti sul feed o sulla pagina del tuo profilo social. Puoi trovare ulteriori informazioni su alcune politiche sulla privacy e sull&#8217;utilizzo dei social media nella sezione delle risorse di seguito.<\/p>\n<h2>Risorse e ulteriori informazioni<\/h2>\n<ul>\n<li><a href=\"http:\/\/www.legislation.gov.uk\/ukpga\/1998\/29\/contents\" target=\"_blank\" rel=\"nofollow noopener noreferrer\">Legge sulla protezione dei dati del 1998<\/a><\/li>\n<li><a href=\"http:\/\/www.legislation.gov.uk\/uksi\/2003\/2426\/contents\/made\" target=\"_blank\" rel=\"nofollow noopener noreferrer\">Regolamento sulla privacy e sulle comunicazioni elettroniche del 2003<\/a><\/li>\n<li><a href=\"https:\/\/ico.org.uk\/for-organisations\/guide-to-pecr\/\" target=\"_blank\" rel=\"nofollow noopener noreferrer\">The Guide to the PECR 2003<\/a><\/li>\n<li><a href=\"http:\/\/twitter.com\/privacy\" target=\"_blank\" rel=\"nofollow noopener noreferrer\">Informativa sulla privacy di Twitter<\/a><\/li>\n<li><a href=\"http:\/\/www.facebook.com\/about\/privacy\/\" target=\"_blank\" rel=\"nofollow noopener noreferrer\">Informativa sulla privacy di Facebook<\/a><\/li>\n<li><a href=\"http:\/\/www.google.com\/privacy.html\" target=\"_blank\" rel=\"nofollow noopener noreferrer\">Norme sulla privacy di Google<\/a><\/li>\n<li><a href=\"http:\/\/www.linkedin.com\/static?key=privacy_policy\" target=\"_blank\" rel=\"nofollow noopener noreferrer\">Informativa sulla privacy di Linkedin<\/a><\/li>\n<li><a href=\"https:\/\/mailchimp.com\/legal\/privacy\/\" target=\"_blank\" rel=\"nofollow noopener noreferrer\">Informativa sulla privacy di Mailchimp<\/a><\/li>\n<\/ul>\n<p>[\/vc_column_text][\/vc_column][\/vc_row]<\/p>\n","protected":false},"excerpt":{"rendered":"<p>[vc_row][vc_column][vc_column_text css_animation=&#8221;bottom-to-top&#8221;] Informativa sulla privacy del sito web La politica: Questa politica sulla privacy \u00e8 per questo sito web: www. ###. Co.uk ed \u00e8 servita da ### Limited e regola la privacy dei suoi utenti che scelgono di utilizzarla. Spiega come rispettiamo il GDPR (Regolamento generale sulla protezione dei dati)&#8230;<\/p>\n","protected":false},"author":1,"featured_media":0,"parent":0,"menu_order":0,"comment_status":"closed","ping_status":"open","template":"","meta":{"spay_email":""},"yoast_head":"<!-- This site is optimized with the Yoast SEO plugin v15.8 - https:\/\/yoast.com\/wordpress\/plugins\/seo\/ -->\n<title>Tutela della privacy | Leggi l&#039;informativa sulla privacy di Rite-Flex Health<\/title>\n<meta name=\"description\" content=\"Per scoprire come questo sito Web, Rite-Flex Health, gestisce i tuoi dati, ti preghiamo di leggere la nostra politica sulla privacy completa.\" \/>\n<meta name=\"robots\" content=\"index, follow, max-snippet:-1, max-image-preview:large, max-video-preview:-1\" \/>\n<link rel=\"canonical\" href=\"https:\/\/www.riteflexhealth.com\/it\/politica-sulla-riservatezza\/\" \/>\n<meta property=\"og:locale\" content=\"it_IT\" \/>\n<meta property=\"og:type\" content=\"article\" \/>\n<meta property=\"og:title\" content=\"Tutela della privacy | Leggi l&#039;informativa sulla privacy di Rite-Flex Health\" \/>\n<meta property=\"og:description\" content=\"Per scoprire come questo sito Web, Rite-Flex Health, gestisce i tuoi dati, ti preghiamo di leggere la nostra politica sulla privacy completa.\" \/>\n<meta property=\"og:url\" content=\"https:\/\/www.riteflexhealth.com\/it\/politica-sulla-riservatezza\/\" \/>\n<meta property=\"og:site_name\" content=\"Rite-Flex\" \/>\n<meta property=\"article:modified_time\" content=\"2021-04-27T10:51:44+00:00\" \/>\n<meta name=\"twitter:card\" content=\"summary_large_image\" \/>\n<meta name=\"twitter:label1\" content=\"Tempo di lettura stimato\">\n\t<meta name=\"twitter:data1\" content=\"6 minuti\">\n<script type=\"application\/ld+json\" class=\"yoast-schema-graph\">{\"@context\":\"https:\/\/schema.org\",\"@graph\":[{\"@type\":\"WebSite\",\"@id\":\"https:\/\/www.riteflexhealth.com\/#website\",\"url\":\"https:\/\/www.riteflexhealth.com\/\",\"name\":\"Rite-Flex\",\"description\":\"Health Supplements\",\"potentialAction\":[{\"@type\":\"SearchAction\",\"target\":\"https:\/\/www.riteflexhealth.com\/?s={search_term_string}\",\"query-input\":\"required name=search_term_string\"}],\"inLanguage\":\"it-IT\"},{\"@type\":\"WebPage\",\"@id\":\"https:\/\/www.riteflexhealth.com\/it\/politica-sulla-riservatezza\/#webpage\",\"url\":\"https:\/\/www.riteflexhealth.com\/it\/politica-sulla-riservatezza\/\",\"name\":\"Tutela della privacy | Leggi l'informativa sulla privacy di Rite-Flex Health\",\"isPartOf\":{\"@id\":\"https:\/\/www.riteflexhealth.com\/#website\"},\"datePublished\":\"2021-04-27T10:51:43+00:00\",\"dateModified\":\"2021-04-27T10:51:44+00:00\",\"description\":\"Per scoprire come questo sito Web, Rite-Flex Health, gestisce i tuoi dati, ti preghiamo di leggere la nostra politica sulla privacy completa.\",\"breadcrumb\":{\"@id\":\"https:\/\/www.riteflexhealth.com\/it\/politica-sulla-riservatezza\/#breadcrumb\"},\"inLanguage\":\"it-IT\",\"potentialAction\":[{\"@type\":\"ReadAction\",\"target\":[\"https:\/\/www.riteflexhealth.com\/it\/politica-sulla-riservatezza\/\"]}]},{\"@type\":\"BreadcrumbList\",\"@id\":\"https:\/\/www.riteflexhealth.com\/it\/politica-sulla-riservatezza\/#breadcrumb\",\"itemListElement\":[{\"@type\":\"ListItem\",\"position\":1,\"item\":{\"@type\":\"WebPage\",\"@id\":\"https:\/\/www.riteflexhealth.com\/it\/politica-sulla-riservatezza\/\",\"url\":\"https:\/\/www.riteflexhealth.com\/it\/politica-sulla-riservatezza\/\",\"name\":\"politica sulla riservatezza\"}}]}]}<\/script>\n<!-- \/ Yoast SEO plugin. -->","_links":{"self":[{"href":"https:\/\/www.riteflexhealth.com\/it\/wp-json\/wp\/v2\/pages\/3297"}],"collection":[{"href":"https:\/\/www.riteflexhealth.com\/it\/wp-json\/wp\/v2\/pages"}],"about":[{"href":"https:\/\/www.riteflexhealth.com\/it\/wp-json\/wp\/v2\/types\/page"}],"author":[{"embeddable":true,"href":"https:\/\/www.riteflexhealth.com\/it\/wp-json\/wp\/v2\/users\/1"}],"replies":[{"embeddable":true,"href":"https:\/\/www.riteflexhealth.com\/it\/wp-json\/wp\/v2\/comments?post=3297"}],"version-history":[{"count":2,"href":"https:\/\/www.riteflexhealth.com\/it\/wp-json\/wp\/v2\/pages\/3297\/revisions"}],"predecessor-version":[{"id":3299,"href":"https:\/\/www.riteflexhealth.com\/it\/wp-json\/wp\/v2\/pages\/3297\/revisions\/3299"}],"wp:attachment":[{"href":"https:\/\/www.riteflexhealth.com\/it\/wp-json\/wp\/v2\/media?parent=3297"}],"curies":[{"name":"wp","href":"https:\/\/api.w.org\/{rel}","templated":true}]}}